{"id":848,"date":"2018-06-19T12:15:00","date_gmt":"2018-06-19T10:15:00","guid":{"rendered":"https:\/\/www.cestbeauca.fr\/?page_id=848"},"modified":"2018-06-19T23:30:16","modified_gmt":"2018-06-19T21:30:16","slug":"leurs-projets","status":"publish","type":"page","link":"https:\/\/www.cestbeauca.fr\/index.php\/leurs-projets\/","title":{"rendered":"Leurs projets"},"content":{"rendered":"<p>On pense souvent \u00e0 s&rsquo;inscrire dans une association pour aider, faire du b\u00e9n\u00e9volat. Malheureusement nos vies nous rattrapant, nos belles id\u00e9es restent souvent au placard, culpabilisant quotidiennement de ne rien faire. Cela fait aussi partie des raisons de notre d\u00e9part en tour du monde. Nous offrir du temps pour ensuite pouvoir en offrir.<\/p>\n<p>Au cours de notre route nous allons nous arr\u00eater, pour donner un coup de main \u00e0 de jolis projets en accord avec nos valeurs : l&rsquo;entraide, le partage, l&rsquo;\u00e9cologie, la solidarit\u00e9, bref tous ces merveilleux mots qui font le vivre ensemble.<\/p>\n<p>Nous vous pr\u00e9sentons sur cette page nos coups de c\u0153ur \u00e9thique.<\/p>\n<hr \/>\n<div class=\"blog-feed tdm-loadmore-container\"><\/div><input type=\"submit\" class=\"tdm-loadmore-button\" value=\"Load More\"><script>jQuery(document).ready(function(){loadmore(33);});<\/script><button onclick=\"backToTop()\" id=\"back-to-top\" title=\"Back to top\"><span class=\"glyphicon glyphicon-menu-up\"><\/span><\/button>\n<p>&nbsp;<\/p>\n","protected":false},"excerpt":{"rendered":"<p>On pense souvent \u00e0 s&rsquo;inscrire dans une association pour aider, faire du b\u00e9n\u00e9volat. Malheureusement nos vies nous rattrapant, nos belles id\u00e9es restent souvent au placard, culpabilisant quotidiennement de ne rien faire. Cela fait aussi partie des raisons de notre d\u00e9part en tour du monde. Nous&hellip;<\/p>\n","protected":false},"author":2,"featured_media":0,"parent":0,"menu_order":0,"comment_status":"closed","ping_status":"closed","template":"","meta":{"footnotes":""},"class_list":["post-848","page","type-page","status-publish","hentry"],"post_mailing_queue_ids":[],"_links":{"self":[{"href":"https:\/\/www.cestbeauca.fr\/index.php\/wp-json\/wp\/v2\/pages\/848"}],"collection":[{"href":"https:\/\/www.cestbeauca.fr\/index.php\/wp-json\/wp\/v2\/pages"}],"about":[{"href":"https:\/\/www.cestbeauca.fr\/index.php\/wp-json\/wp\/v2\/types\/page"}],"author":[{"embeddable":true,"href":"https:\/\/www.cestbeauca.fr\/index.php\/wp-json\/wp\/v2\/users\/2"}],"replies":[{"embeddable":true,"href":"https:\/\/www.cestbeauca.fr\/index.php\/wp-json\/wp\/v2\/comments?post=848"}],"version-history":[{"count":18,"href":"https:\/\/www.cestbeauca.fr\/index.php\/wp-json\/wp\/v2\/pages\/848\/revisions"}],"predecessor-version":[{"id":875,"href":"https:\/\/www.cestbeauca.fr\/index.php\/wp-json\/wp\/v2\/pages\/848\/revisions\/875"}],"wp:attachment":[{"href":"https:\/\/www.cestbeauca.fr\/index.php\/wp-json\/wp\/v2\/media?parent=848"}],"curies":[{"name":"wp","href":"https:\/\/api.w.org\/{rel}","templated":true}]}}