{"id":72,"date":"2018-02-12T21:25:11","date_gmt":"2018-02-12T20:25:11","guid":{"rendered":"http:\/\/cestbeauca.nonrien.com\/?page_id=72"},"modified":"2019-04-24T07:34:04","modified_gmt":"2019-04-24T05:34:04","slug":"page-dacceuil","status":"publish","type":"page","link":"https:\/\/www.cestbeauca.fr\/","title":{"rendered":"C&rsquo;est quoi \u00e7a ?"},"content":{"rendered":"<p style=\"text-align: left;\">Nous avons un appareil photo, un coussin gonflable, un bouchon d\u2019\u00e9vier universel, une lampe dynamo, des r\u00eaves plein la t\u00eate et de bonnes jambes.<br>Nous sommes pratiquement pr\u00eats pour faire <strong>un<\/strong> <strong>tour du monde<\/strong> d\u2019une ann\u00e9e.<\/p>\n\n\n<p> \u00ab Nous \u00bb c\u2019est <strong>Maeva et Vincent<\/strong>. Et nous avons d\u00e9cid\u00e9 de nous offrir du temps et un surplus de beaut\u00e9.<br>Pourquoi ? Tout simplement parce qu\u2019on vient de nous dire qu\u2019on n&rsquo;avait peut-\u00eatre qu\u2019une vie. <\/p>\n\n\n\n<p>Dans le doute, nous sommes pass\u00e9s du r\u00eave \u00e0 l\u2019action, \u00e0 la planification.<br>Nous avons griffonn\u00e9 nos pays idylliques, mis en commun tous nos deniers, et promis \u00e0 nos m\u00e8res qu\u2019on reviendrait. <\/p>\n\n\n\n<p><strong>> Actuellement en France<\/strong><br><\/p>\n","protected":false},"excerpt":{"rendered":"<p>Nous avons un appareil photo, un coussin gonflable, un bouchon d\u2019\u00e9vier universel, une lampe dynamo, des r\u00eaves plein la t\u00eate et de bonnes jambes.Nous sommes pratiquement pr\u00eats pour faire un tour du monde d\u2019une ann\u00e9e. \u00ab Nous \u00bb c\u2019est Maeva et Vincent. Et nous avons&hellip;<\/p>\n","protected":false},"author":5,"featured_media":0,"parent":0,"menu_order":0,"comment_status":"closed","ping_status":"closed","template":"","meta":{"footnotes":""},"class_list":["post-72","page","type-page","status-publish","hentry"],"post_mailing_queue_ids":[],"_links":{"self":[{"href":"https:\/\/www.cestbeauca.fr\/index.php\/wp-json\/wp\/v2\/pages\/72"}],"collection":[{"href":"https:\/\/www.cestbeauca.fr\/index.php\/wp-json\/wp\/v2\/pages"}],"about":[{"href":"https:\/\/www.cestbeauca.fr\/index.php\/wp-json\/wp\/v2\/types\/page"}],"author":[{"embeddable":true,"href":"https:\/\/www.cestbeauca.fr\/index.php\/wp-json\/wp\/v2\/users\/5"}],"replies":[{"embeddable":true,"href":"https:\/\/www.cestbeauca.fr\/index.php\/wp-json\/wp\/v2\/comments?post=72"}],"version-history":[{"count":35,"href":"https:\/\/www.cestbeauca.fr\/index.php\/wp-json\/wp\/v2\/pages\/72\/revisions"}],"predecessor-version":[{"id":2618,"href":"https:\/\/www.cestbeauca.fr\/index.php\/wp-json\/wp\/v2\/pages\/72\/revisions\/2618"}],"wp:attachment":[{"href":"https:\/\/www.cestbeauca.fr\/index.php\/wp-json\/wp\/v2\/media?parent=72"}],"curies":[{"name":"wp","href":"https:\/\/api.w.org\/{rel}","templated":true}]}}