{"id":54,"date":"2018-02-12T16:51:08","date_gmt":"2018-02-12T15:51:08","guid":{"rendered":"http:\/\/cestbeauca.nonrien.com\/?page_id=54"},"modified":"2018-03-22T23:27:27","modified_gmt":"2018-03-22T22:27:27","slug":"cest-caca-ca","status":"publish","type":"page","link":"https:\/\/www.cestbeauca.fr\/index.php\/cest-caca-ca\/","title":{"rendered":"C&rsquo;est caca \u00e7a !"},"content":{"rendered":"<div class=\"gca-column one-half first\"><p>Quelque part, voyager c\u2019est aller \u00e0 la rencontre de la diff\u00e9rence. Et nous nous sommes dit, pourquoi ne pas aller chercher la diff\u00e9rence dans ce qui nous relie tous ?<br \/>\nL\u2019ali\u00e9nation \u00e0 notre corps !<br \/>\nCar oui, qu\u2019on le veuille ou non, de l\u2019ic\u00f4ne de cin\u00e9ma aux Himbas, on fait tous caca !<\/p>\n<p>Dans notre quotidien, nos petites habitudes sont install\u00e9es et pourtant \u00e7a reste p\u00e9rilleux.<br \/>\n<em>\u00ab Je ne fais jamais caca au travail. \u00bb<\/em><br \/>\n<em> \u00ab Perso je mets deux feuilles au fond pour att\u00e9nuer le plouf. \u00bb<\/em><br \/>\n<em> \u00ab Il m\u2019a fallu 3 ans pour oser chier chez mon mec. \u00bb<\/em><br \/>\n<em> \u00ab S\u2019il n\u2019y a pas de pschitt contre les odeurs, je ne peux pas. \u00bb<\/em><\/p><\/div>\n<div class=\"gca-column one-half\"><p>Alors en voyage, la t\u00e2che journali\u00e8re prend parfois la forme d\u2019une aventure digne d\u2019un 007 avec la classe d\u2019Homer Simpson.<br \/>\nQui, apr\u00e8s avoir montr\u00e9 les photos de ses pieds en \u00e9ventail sur une plage de sable fin au coucher du soleil avec un cocktail color\u00e9, n\u2019a pas conclu son r\u00e9cit par une m\u00e9saventure ubuesque d\u2019un mal de ventre soudain,\u2026, dans un bus qui ne veut pas s\u2019arr\u00eater ?<\/p>\n<p>Ici, nous racontons en photos et en mots, nos histoires et celles des autres, sur nos moments de solitude et nos \u00e9tonnements sur cette pratique obligatoire et universelle.<\/p><\/div>\n<p style=\"text-align: right;\">Maeva &amp; Vincent<\/p>\n<p>&nbsp;<\/p>\n<hr \/>\n<div class=\"blog-feed tdm-loadmore-container\"><\/div><input type=\"submit\" class=\"tdm-loadmore-button\" value=\"Load More\"><script>jQuery(document).ready(function(){loadmore(28);});<\/script><button onclick=\"backToTop()\" id=\"back-to-top\" title=\"Back to top\"><span class=\"glyphicon glyphicon-menu-up\"><\/span><\/button>\n<p>&nbsp;<\/p>\n<p>&nbsp;<\/p>\n","protected":false},"excerpt":{"rendered":"<p>Maeva &amp; Vincent &nbsp; &nbsp; &nbsp;<\/p>\n","protected":false},"author":2,"featured_media":271,"parent":0,"menu_order":0,"comment_status":"closed","ping_status":"closed","template":"","meta":{"footnotes":""},"class_list":["post-54","page","type-page","status-publish","has-post-thumbnail","hentry"],"post_mailing_queue_ids":[],"_links":{"self":[{"href":"https:\/\/www.cestbeauca.fr\/index.php\/wp-json\/wp\/v2\/pages\/54"}],"collection":[{"href":"https:\/\/www.cestbeauca.fr\/index.php\/wp-json\/wp\/v2\/pages"}],"about":[{"href":"https:\/\/www.cestbeauca.fr\/index.php\/wp-json\/wp\/v2\/types\/page"}],"author":[{"embeddable":true,"href":"https:\/\/www.cestbeauca.fr\/index.php\/wp-json\/wp\/v2\/users\/2"}],"replies":[{"embeddable":true,"href":"https:\/\/www.cestbeauca.fr\/index.php\/wp-json\/wp\/v2\/comments?post=54"}],"version-history":[{"count":12,"href":"https:\/\/www.cestbeauca.fr\/index.php\/wp-json\/wp\/v2\/pages\/54\/revisions"}],"predecessor-version":[{"id":379,"href":"https:\/\/www.cestbeauca.fr\/index.php\/wp-json\/wp\/v2\/pages\/54\/revisions\/379"}],"wp:featuredmedia":[{"embeddable":true,"href":"https:\/\/www.cestbeauca.fr\/index.php\/wp-json\/wp\/v2\/media\/271"}],"wp:attachment":[{"href":"https:\/\/www.cestbeauca.fr\/index.php\/wp-json\/wp\/v2\/media?parent=54"}],"curies":[{"name":"wp","href":"https:\/\/api.w.org\/{rel}","templated":true}]}}