{"id":51,"date":"2018-02-12T16:51:07","date_gmt":"2018-02-12T15:51:07","guid":{"rendered":"http:\/\/cestbeauca.nonrien.com\/?page_id=51"},"modified":"2018-04-03T19:32:03","modified_gmt":"2018-04-03T17:32:03","slug":"cest-beau-ca","status":"publish","type":"page","link":"https:\/\/www.cestbeauca.fr\/index.php\/cest-beau-ca\/","title":{"rendered":"C&rsquo;est beau \u00e7a ?"},"content":{"rendered":"<p style=\"text-align: justify;\"><div class=\"gca-utility columns-container\"><p style=\"text-align: justify;\"><div class=\"gca-column one-half first\"><p style=\"text-align: justify;\">Par la fen\u00eatre de ma chambre, je vois le Sacr\u00e9 Coeur. En fonction de la saison, le soleil se couche parfois pile dans l\u2019axe, juste derri\u00e8re. C\u2019est beau \u00e7a, me dis-je chaque jour.<\/p>\n<p style=\"text-align: justify;\">R\u00e9cemment j\u2019ai appris qu\u2019un immeuble allait se construire juste l\u00e0. Devant moi. Me volant la lumi\u00e8re, et mon bout de beaut\u00e9. Je me suis alors demand\u00e9e, si l\u2019architecte, au-del\u00e0 de r\u00e9pondre \u00e0 un besoin, s\u2019\u00e9tait pos\u00e9 la question du beau ?<\/p>\n<p style=\"text-align: justify;\">Dans mon quartier du 18\u00e8me, les immeubles poussent, sans aucune coh\u00e9rence les uns avec les autres. Est-ce moi qui devient une vieille bique, ou est-ce que nous aurions perdu la notion de l\u2019esth\u00e9tique ?<\/p>\n<p style=\"text-align: justify;\">J\u2019en viens \u00e0 me dire que de toutes les fa\u00e7ons la beaut\u00e9 est subjective. Par exemple, Mona Lisa est cens\u00e9e \u00eatre la r\u00e9f\u00e9rence en terme de beau dans l\u2019art, pourtant je ne l\u2019aime pas tant que \u00e7a moi, Mona.<\/p>\n<p style=\"text-align: justify;\"><\/div>\n<div class=\"gca-column one-half\"><p style=\"text-align: justify;\">D\u2019ailleurs, est-ce qu\u2019un p\u00e9ruvien la trouverait belle ? La beaut\u00e9 peut-elle \u00eatre universelle ? Tout le monde trouve le Grand Canyon somptueux, non ? N\u2019y aurait-il pas un mec, un jour, pour dire \u00ab\u00a0Euh\u2026 Je ne comprends pas ce que vous trouvez tous \u00e0 cet endroit. C\u2019est moche.\u00a0\u00bb<br \/>\nUn tour du monde ressemble un peu \u00e0 une qu\u00eate boulimique de la beaut\u00e9. La beaut\u00e9 des paysages, des villes, des cultures, des autres qui ne sont pas nous. Nous cherchons encore plus beau que notre beau.<\/p>\n<p style=\"text-align: justify;\">Mais tiens au fait, le beau n\u2019existerait-il pas dans la diff\u00e9rence ? Alors pourquoi y-a-t-il des indiennes qui se blanchissent la peau pendant que des colombiennes se font grossir les fesses ?<\/p>\n<p style=\"text-align: justify;\">Au travers de ma s\u00e9rie documentaire C\u2019est beau \u00e7a ?, je vais interroger les autres regards sur leur repr\u00e9sentation de la beaut\u00e9. Mona Lisa n\u2019a qu\u2019\u00e0 bien se tenir !<\/p>\n<p style=\"text-align: right;\"><em>Maeva<\/em><\/p>\n<p style=\"text-align: justify;\"><\/div><\/div>\n<p>&nbsp;<\/p>\n<hr \/>\n<div class=\"blog-feed tdm-loadmore-container\"><\/div><input type=\"submit\" class=\"tdm-loadmore-button\" value=\"Load More\"><script>jQuery(document).ready(function(){loadmore(32);});<\/script><button onclick=\"backToTop()\" id=\"back-to-top\" title=\"Back to top\"><span class=\"glyphicon glyphicon-menu-up\"><\/span><\/button>\n<p>&nbsp;<\/p>\n","protected":false},"excerpt":{"rendered":"<p>&nbsp; &nbsp;<\/p>\n","protected":false},"author":2,"featured_media":269,"parent":0,"menu_order":0,"comment_status":"closed","ping_status":"closed","template":"","meta":{"footnotes":""},"class_list":["post-51","page","type-page","status-publish","has-post-thumbnail","hentry"],"post_mailing_queue_ids":[],"_links":{"self":[{"href":"https:\/\/www.cestbeauca.fr\/index.php\/wp-json\/wp\/v2\/pages\/51"}],"collection":[{"href":"https:\/\/www.cestbeauca.fr\/index.php\/wp-json\/wp\/v2\/pages"}],"about":[{"href":"https:\/\/www.cestbeauca.fr\/index.php\/wp-json\/wp\/v2\/types\/page"}],"author":[{"embeddable":true,"href":"https:\/\/www.cestbeauca.fr\/index.php\/wp-json\/wp\/v2\/users\/2"}],"replies":[{"embeddable":true,"href":"https:\/\/www.cestbeauca.fr\/index.php\/wp-json\/wp\/v2\/comments?post=51"}],"version-history":[{"count":36,"href":"https:\/\/www.cestbeauca.fr\/index.php\/wp-json\/wp\/v2\/pages\/51\/revisions"}],"predecessor-version":[{"id":465,"href":"https:\/\/www.cestbeauca.fr\/index.php\/wp-json\/wp\/v2\/pages\/51\/revisions\/465"}],"wp:featuredmedia":[{"embeddable":true,"href":"https:\/\/www.cestbeauca.fr\/index.php\/wp-json\/wp\/v2\/media\/269"}],"wp:attachment":[{"href":"https:\/\/www.cestbeauca.fr\/index.php\/wp-json\/wp\/v2\/media?parent=51"}],"curies":[{"name":"wp","href":"https:\/\/api.w.org\/{rel}","templated":true}]}}