{"id":4,"date":"2018-02-11T20:47:01","date_gmt":"2018-02-11T19:47:01","guid":{"rendered":"http:\/\/cestbeauca.nonrien.com\/?page_id=4"},"modified":"2018-04-03T19:25:45","modified_gmt":"2018-04-03T17:25:45","slug":"cest-nous-ca","status":"publish","type":"page","link":"https:\/\/www.cestbeauca.fr\/index.php\/cest-nous-ca\/","title":{"rendered":"C&rsquo;est nous \u00e7a"},"content":{"rendered":"<p style=\"text-align: justify;\"><div class=\"gca-column one-half first\"><img loading=\"lazy\" decoding=\"async\" class=\"wp-image-303 alignleft\" src=\"http:\/\/cestbeauca.nonrien.com\/wp-content\/uploads\/2018\/03\/Cest-nous-c\u0327a-Maeva-336x1024.jpg\" alt=\"\" width=\"198\" height=\"603\" srcset=\"https:\/\/www.cestbeauca.fr\/wp-content\/uploads\/2018\/03\/Cest-nous-c\u0327a-Maeva-336x1024.jpg 336w, https:\/\/www.cestbeauca.fr\/wp-content\/uploads\/2018\/03\/Cest-nous-c\u0327a-Maeva-768x2338.jpg 768w, https:\/\/www.cestbeauca.fr\/wp-content\/uploads\/2018\/03\/Cest-nous-c\u0327a-Maeva-788x2400.jpg 788w, https:\/\/www.cestbeauca.fr\/wp-content\/uploads\/2018\/03\/Cest-nous-c\u0327a-Maeva.jpg 673w\" sizes=\"(max-width: 198px) 100vw, 198px\" \/><strong>Maeva<\/strong> : tahitienne que de pr\u00e9nom, j\u2019ai la capacit\u00e9 de voir dans la nuit avec les yeux ferm\u00e9s.<\/p>\n<p style=\"text-align: justify;\">Je suis monteuse de documentaires. Pour avoir travaill\u00e9 avec Yann Arthus-Bertrand, je connais la terre vue du ciel dans ses moindres d\u00e9tails. Il est temps que j\u2019y pose r\u00e9ellement mes pieds.<\/div>\n<div class=\"gca-column one-half\"><img loading=\"lazy\" decoding=\"async\" class=\"wp-image-304 alignleft\" src=\"http:\/\/cestbeauca.nonrien.com\/wp-content\/uploads\/2018\/03\/Cest-nous-c\u0327a-Vincent-336x1024.jpg\" alt=\"\" width=\"198\" height=\"603\" srcset=\"https:\/\/www.cestbeauca.fr\/wp-content\/uploads\/2018\/03\/Cest-nous-c\u0327a-Vincent-336x1024.jpg 336w, https:\/\/www.cestbeauca.fr\/wp-content\/uploads\/2018\/03\/Cest-nous-c\u0327a-Vincent-768x2338.jpg 768w, https:\/\/www.cestbeauca.fr\/wp-content\/uploads\/2018\/03\/Cest-nous-c\u0327a-Vincent-788x2400.jpg 788w, https:\/\/www.cestbeauca.fr\/wp-content\/uploads\/2018\/03\/Cest-nous-c\u0327a-Vincent.jpg 673w\" sizes=\"(max-width: 198px) 100vw, 198px\" \/><strong>Vincent<\/strong>\u00a0: percussionniste de l\u2019extr\u00eame, je fais la pointe avec mes pieds comme personne.<\/p>\n<p style=\"text-align: justify;\">Je suis charg\u00e9 de production. Je diffuse pour la t\u00e9l\u00e9vision des comp\u00e9titions sportives. J\u2019aime mon m\u00e9tier parce qu\u2019il apporte du bonheur et de la d\u00e9tente aux gens. Aujourd\u2019hui j\u2019ai besoin de faire une pause et sortir de ma zone de confort.<\/div>\n","protected":false},"excerpt":{"rendered":"","protected":false},"author":5,"featured_media":0,"parent":0,"menu_order":0,"comment_status":"closed","ping_status":"closed","template":"","meta":{"footnotes":""},"class_list":["post-4","page","type-page","status-publish","hentry"],"post_mailing_queue_ids":[],"_links":{"self":[{"href":"https:\/\/www.cestbeauca.fr\/index.php\/wp-json\/wp\/v2\/pages\/4"}],"collection":[{"href":"https:\/\/www.cestbeauca.fr\/index.php\/wp-json\/wp\/v2\/pages"}],"about":[{"href":"https:\/\/www.cestbeauca.fr\/index.php\/wp-json\/wp\/v2\/types\/page"}],"author":[{"embeddable":true,"href":"https:\/\/www.cestbeauca.fr\/index.php\/wp-json\/wp\/v2\/users\/5"}],"replies":[{"embeddable":true,"href":"https:\/\/www.cestbeauca.fr\/index.php\/wp-json\/wp\/v2\/comments?post=4"}],"version-history":[{"count":66,"href":"https:\/\/www.cestbeauca.fr\/index.php\/wp-json\/wp\/v2\/pages\/4\/revisions"}],"predecessor-version":[{"id":463,"href":"https:\/\/www.cestbeauca.fr\/index.php\/wp-json\/wp\/v2\/pages\/4\/revisions\/463"}],"wp:attachment":[{"href":"https:\/\/www.cestbeauca.fr\/index.php\/wp-json\/wp\/v2\/media?parent=4"}],"curies":[{"name":"wp","href":"https:\/\/api.w.org\/{rel}","templated":true}]}}